{"id":670,"date":"2023-11-27T09:52:30","date_gmt":"2023-11-27T08:52:30","guid":{"rendered":"https:\/\/saboramiel.es\/producto\/chorizo-extra-dulce-de-la-rioja\/"},"modified":"2024-02-07T13:56:42","modified_gmt":"2024-02-07T12:56:42","slug":"chorizo-extra-dulce-de-la-rioja","status":"publish","type":"product","link":"https:\/\/saboramiel.difadi.net\/en\/product\/chorizo-extra-dulce-de-la-rioja\/","title":{"rendered":"Extra Chorizo (La Rioja)"},"content":{"rendered":"<p>Extra sweet chorizo &#039;La Ermita&#039; Pork, paprika, salt, garlic and natural pork tripe, in a 250 gram string. Natural products without preservatives or colorants. Hermanos S\u00e1enz Tejada is a family business in Villoslada de Cameros (La Rioja) that is dedicated to the artisan production of p\u00e2t\u00e9s and sausages.<\/p>","protected":false},"excerpt":{"rendered":"<p>Extra sweet chorizo &#039;La Ermita&#039; Pork, paprika, salt, garlic and natural pork tripe, in a 250 gram string. Natural products without preservatives or colorants. Hermanos S\u00e1enz Tejada is a family business in Villoslada de Cameros (La Rioja) that is dedicated to the artisan production of p\u00e2t\u00e9s and sausages.<\/p>","protected":false},"featured_media":682,"template":"","meta":[],"product_cat":[72],"product_tag":[],"class_list":["post-670","product","type-product","status-publish","has-post-thumbnail","hentry","product_cat-embutidos-y-quesos"],"_links":{"self":[{"href":"https:\/\/saboramiel.difadi.net\/en\/wp-json\/wp\/v2\/product\/670","targetHints":{"allow":["GET"]}}],"collection":[{"href":"https:\/\/saboramiel.difadi.net\/en\/wp-json\/wp\/v2\/product"}],"about":[{"href":"https:\/\/saboramiel.difadi.net\/en\/wp-json\/wp\/v2\/types\/product"}],"wp:featuredmedia":[{"embeddable":true,"href":"https:\/\/saboramiel.difadi.net\/en\/wp-json\/wp\/v2\/media\/682"}],"wp:attachment":[{"href":"https:\/\/saboramiel.difadi.net\/en\/wp-json\/wp\/v2\/media?parent=670"}],"wp:term":[{"taxonomy":"product_cat","embeddable":true,"href":"https:\/\/saboramiel.difadi.net\/en\/wp-json\/wp\/v2\/product_cat?post=670"},{"taxonomy":"product_tag","embeddable":true,"href":"https:\/\/saboramiel.difadi.net\/en\/wp-json\/wp\/v2\/product_tag?post=670"}],"curies":[{"name":"wp","href":"https:\/\/api.w.org\/{rel}","templated":true}]}}