{"id":666,"date":"2023-11-27T09:52:22","date_gmt":"2023-11-27T08:52:22","guid":{"rendered":"https:\/\/saboramiel.es\/producto\/chorizo-extra-picante\/"},"modified":"2024-02-07T14:11:20","modified_gmt":"2024-02-07T13:11:20","slug":"chorizo-extra-picante","status":"publish","type":"product","link":"https:\/\/saboramiel.difadi.net\/en\/product\/chorizo-extra-picante\/","title":{"rendered":"Extra Spicy Chorizo (Burgos)"},"content":{"rendered":"<p>Ingredients: Pork meat and fat, paprika, salt, garlic, spices and natural tripe. Approximate weight: 500 g. It is made by hand in Cistierna (Le\u00f3n)-Los Rejos. Unlike sweet chorizo, spicy chorizo has a special flavor that will give a different touch to any of your dishes. Made with the best pork and marinated with spicy gluten-free paprika.<\/p>","protected":false},"excerpt":{"rendered":"<p>Ingredientes: Carne y grasa de Cerdo, piment\u00f3n, sal, ajo, especias y tripa natural. Peso apr\u00f3ximado: 500 g. Se elabora de manera artesanal en Cistierna (Le\u00f3n)-Los Rejos . A diferencia del chorizo dulce, el chorizo picante tiene un sabor especial que dar\u00e1 un toque diferente a cualquiera de tus platos. Elaborado con las mejores carnes de [&hellip;]<\/p>","protected":false},"featured_media":0,"template":"","meta":[],"product_cat":[72],"product_tag":[],"class_list":["post-666","product","type-product","status-publish","hentry","product_cat-embutidos-y-quesos"],"_links":{"self":[{"href":"https:\/\/saboramiel.difadi.net\/en\/wp-json\/wp\/v2\/product\/666","targetHints":{"allow":["GET"]}}],"collection":[{"href":"https:\/\/saboramiel.difadi.net\/en\/wp-json\/wp\/v2\/product"}],"about":[{"href":"https:\/\/saboramiel.difadi.net\/en\/wp-json\/wp\/v2\/types\/product"}],"wp:attachment":[{"href":"https:\/\/saboramiel.difadi.net\/en\/wp-json\/wp\/v2\/media?parent=666"}],"wp:term":[{"taxonomy":"product_cat","embeddable":true,"href":"https:\/\/saboramiel.difadi.net\/en\/wp-json\/wp\/v2\/product_cat?post=666"},{"taxonomy":"product_tag","embeddable":true,"href":"https:\/\/saboramiel.difadi.net\/en\/wp-json\/wp\/v2\/product_tag?post=666"}],"curies":[{"name":"wp","href":"https:\/\/api.w.org\/{rel}","templated":true}]}}