{"id":659,"date":"2023-11-27T09:52:22","date_gmt":"2023-11-27T08:52:22","guid":{"rendered":"https:\/\/saboramiel.es\/producto\/salvueros-rosado\/"},"modified":"2024-02-07T16:11:49","modified_gmt":"2024-02-07T15:11:49","slug":"salvueros-rosado","status":"publish","type":"product","link":"https:\/\/saboramiel.difadi.net\/en\/product\/salvueros-rosado\/","title":{"rendered":"Pink Salvueros"},"content":{"rendered":"<p>Salvueros Rosado, although it is a young wine, is obtained from vineyards that are more than 60 years old, which increases the complexity of this wine. This makes Salvueros Rosado a wine full of a great variety of nuances. A fruity and fresh wine, full of aroma. Its raspberry red color stands out: lively and bright, with blue and violet reflections. Salvueros Rosado is one of the most awarded ros\u00e9s both nationally and internationally. Vintage 2022. Alcohol content: 13% Vol. Alc.<\/p>","protected":false},"excerpt":{"rendered":"<p>El Salvueros Rosado, aunque se trate de un vino joven, este vino se obtiene de vi\u00f1edos de m\u00e1s de 60 a\u00f1os, esto aumento la complejidad de este vino. Esto hace a Salvueros Rosado un vino cargado de una gran variedad de matices. Un vino afrutado y fresco, pleno de aroma. Destaca su color rojo frambuesa: [&hellip;]<\/p>","protected":false},"featured_media":683,"template":"","meta":[],"product_cat":[69],"product_tag":[],"class_list":["post-659","product","type-product","status-publish","has-post-thumbnail","hentry","product_cat-bodega"],"_links":{"self":[{"href":"https:\/\/saboramiel.difadi.net\/en\/wp-json\/wp\/v2\/product\/659","targetHints":{"allow":["GET"]}}],"collection":[{"href":"https:\/\/saboramiel.difadi.net\/en\/wp-json\/wp\/v2\/product"}],"about":[{"href":"https:\/\/saboramiel.difadi.net\/en\/wp-json\/wp\/v2\/types\/product"}],"wp:featuredmedia":[{"embeddable":true,"href":"https:\/\/saboramiel.difadi.net\/en\/wp-json\/wp\/v2\/media\/683"}],"wp:attachment":[{"href":"https:\/\/saboramiel.difadi.net\/en\/wp-json\/wp\/v2\/media?parent=659"}],"wp:term":[{"taxonomy":"product_cat","embeddable":true,"href":"https:\/\/saboramiel.difadi.net\/en\/wp-json\/wp\/v2\/product_cat?post=659"},{"taxonomy":"product_tag","embeddable":true,"href":"https:\/\/saboramiel.difadi.net\/en\/wp-json\/wp\/v2\/product_tag?post=659"}],"curies":[{"name":"wp","href":"https:\/\/api.w.org\/{rel}","templated":true}]}}