{"id":656,"date":"2023-11-27T09:52:22","date_gmt":"2023-11-27T08:52:22","guid":{"rendered":"https:\/\/saboramiel.es\/producto\/rioja-perez-de-urrecho\/"},"modified":"2024-02-07T14:05:43","modified_gmt":"2024-02-07T13:05:43","slug":"rioja-perez-de-urrecho","status":"publish","type":"product","link":"https:\/\/saboramiel.difadi.net\/en\/product\/rioja-perez-de-urrecho\/","title":{"rendered":"Perez de Hurrecho red wine from the DO La Rioja"},"content":{"rendered":"<p>P\u00e9rez de Urrecho Tinto Maceraci\u00f3n Carb\u00f3nica Cosecha 2022 Tempranillo 100 %. Tasting: Attractive cherry red color with purple reflections in a thin layer; clean and bright. On the nose it presents intense aromas that correspond to the carbonic maceration: red fruits, strawberry lollipop, perfumed notes of violets, hints of toffee pastille and echoes reminiscent of paloduz, plus another telluric aroma that is difficult to decipher. On the palate it is soft, fresh, tasty; with fruit evident in the mouthfeel. A breeze of finesse in a frosted mouthfeel that, due to pure lightness, wants to go unnoticed. But no; its tasting is really a delight of freshness with a very light creaminess from the endogenous carbon. Alcohol content: 14% vol. Perez de Urrecho Wineries and Vineyards \u2013 Galb\u00e1rruli (La Rioja) \u2013 75cl.<\/p>","protected":false},"excerpt":{"rendered":"<p>P\u00e9rez de Urrecho Tinto Carbonic Maceration 2022 Vintage Tempranillo 100 %. Tasting notes: Attractive cherry red color with purple reflections in a thin layer; clean and bright. On the nose, it presents intense aromas that correspond to the carbonic maceration: red fruits, strawberry lollipop, perfumed notes of violets, hints of toffee pastille, and echoes reminiscent of [\u2026]<\/p>","protected":false},"featured_media":689,"template":"","meta":[],"product_cat":[69],"product_tag":[],"class_list":["post-656","product","type-product","status-publish","has-post-thumbnail","hentry","product_cat-bodega"],"_links":{"self":[{"href":"https:\/\/saboramiel.difadi.net\/en\/wp-json\/wp\/v2\/product\/656","targetHints":{"allow":["GET"]}}],"collection":[{"href":"https:\/\/saboramiel.difadi.net\/en\/wp-json\/wp\/v2\/product"}],"about":[{"href":"https:\/\/saboramiel.difadi.net\/en\/wp-json\/wp\/v2\/types\/product"}],"wp:featuredmedia":[{"embeddable":true,"href":"https:\/\/saboramiel.difadi.net\/en\/wp-json\/wp\/v2\/media\/689"}],"wp:attachment":[{"href":"https:\/\/saboramiel.difadi.net\/en\/wp-json\/wp\/v2\/media?parent=656"}],"wp:term":[{"taxonomy":"product_cat","embeddable":true,"href":"https:\/\/saboramiel.difadi.net\/en\/wp-json\/wp\/v2\/product_cat?post=656"},{"taxonomy":"product_tag","embeddable":true,"href":"https:\/\/saboramiel.difadi.net\/en\/wp-json\/wp\/v2\/product_tag?post=656"}],"curies":[{"name":"wp","href":"https:\/\/api.w.org\/{rel}","templated":true}]}}