{"id":624,"date":"2023-11-27T09:52:04","date_gmt":"2023-11-27T08:52:04","guid":{"rendered":"https:\/\/saboramiel.es\/producto\/crema-de-verduras-500-ml\/"},"modified":"2024-02-07T14:44:54","modified_gmt":"2024-02-07T13:44:54","slug":"crema-de-verduras-500-ml","status":"publish","type":"product","link":"https:\/\/saboramiel.difadi.net\/en\/product\/crema-de-verduras-500-ml\/","title":{"rendered":"Vegetable cream (500 ml)"},"content":{"rendered":"<p>Ingredients: water, potato 30%, artichoke 7%, green bean 4%, spinach 4%, vegetable broth 3% (water, green bean, leek, onion, spinach, carrot, zucchini, chickpea, potato and salt), olive oil and salt. Net weight: 485 g. Nutritious cream of fresh vegetables and greens with all the natural properties of each of them. Free of colorants and preservatives. Made by Conservas Juker, La Rioja.<\/p>","protected":false},"excerpt":{"rendered":"<p>ngredientes: agua, patata 30%, alcachofa 7%, jud\u00eda verde 4%, espinaca 4%, caldo de verduras 3% (agua, jud\u00eda verde, puerro, cebolla, espinaca, zanahoria, calabac\u00edn, garbanzo, patata y sal), aceite de oliva y sal. Peso Neto: 485 g. Nutritiva crema de hortalizas y verduras frescas con todas las propiedades naturales de cada una de ellas. Libre de [&hellip;]<\/p>","protected":false},"featured_media":716,"template":"","meta":[],"product_cat":[71],"product_tag":[],"class_list":["post-624","product","type-product","status-publish","has-post-thumbnail","hentry","product_cat-conservas-artesanas"],"_links":{"self":[{"href":"https:\/\/saboramiel.difadi.net\/en\/wp-json\/wp\/v2\/product\/624","targetHints":{"allow":["GET"]}}],"collection":[{"href":"https:\/\/saboramiel.difadi.net\/en\/wp-json\/wp\/v2\/product"}],"about":[{"href":"https:\/\/saboramiel.difadi.net\/en\/wp-json\/wp\/v2\/types\/product"}],"wp:featuredmedia":[{"embeddable":true,"href":"https:\/\/saboramiel.difadi.net\/en\/wp-json\/wp\/v2\/media\/716"}],"wp:attachment":[{"href":"https:\/\/saboramiel.difadi.net\/en\/wp-json\/wp\/v2\/media?parent=624"}],"wp:term":[{"taxonomy":"product_cat","embeddable":true,"href":"https:\/\/saboramiel.difadi.net\/en\/wp-json\/wp\/v2\/product_cat?post=624"},{"taxonomy":"product_tag","embeddable":true,"href":"https:\/\/saboramiel.difadi.net\/en\/wp-json\/wp\/v2\/product_tag?post=624"}],"curies":[{"name":"wp","href":"https:\/\/api.w.org\/{rel}","templated":true}]}}