{"id":607,"date":"2023-11-27T09:51:55","date_gmt":"2023-11-27T08:51:55","guid":{"rendered":"https:\/\/saboramiel.es\/producto\/champu-suave-anticaspa-antisequedad-400-ml\/"},"modified":"2024-02-07T15:37:12","modified_gmt":"2024-02-07T14:37:12","slug":"champu-suave-anticaspa-antisequedad-400-ml","status":"publish","type":"product","link":"https:\/\/saboramiel.difadi.net\/en\/product\/champu-suave-anticaspa-antisequedad-400-ml\/","title":{"rendered":"Gentle anti-dandruff-anti-dryness shampoo (400 ml)"},"content":{"rendered":"<p>Especial para cueros cabelludos irritados y con sensaci\u00f3n de picor. Con Miel, Ortiga Blanca y Romero. Trata espec\u00edficamente el problema de la caspa seca y permite normalizar la funci\u00f3n hipersecretora, calmando las irritaciones y picores del cuero cabelludo.<\/p>","protected":false},"excerpt":{"rendered":"<p>Especial para cueros cabelludos irritados y con sensaci\u00f3n de picor. Con Miel, Ortiga Blanca y Romero. Trata espec\u00edficamente el problema de la caspa seca y permite normalizar la funci\u00f3n hipersecretora, calmando las irritaciones y picores del cuero cabelludo.<\/p>","protected":false},"featured_media":0,"template":"","meta":[],"product_cat":[68],"product_tag":[],"class_list":["post-607","product","type-product","status-publish","hentry","product_cat-jabon-y-cosmetica-natural"],"_links":{"self":[{"href":"https:\/\/saboramiel.difadi.net\/en\/wp-json\/wp\/v2\/product\/607","targetHints":{"allow":["GET"]}}],"collection":[{"href":"https:\/\/saboramiel.difadi.net\/en\/wp-json\/wp\/v2\/product"}],"about":[{"href":"https:\/\/saboramiel.difadi.net\/en\/wp-json\/wp\/v2\/types\/product"}],"wp:attachment":[{"href":"https:\/\/saboramiel.difadi.net\/en\/wp-json\/wp\/v2\/media?parent=607"}],"wp:term":[{"taxonomy":"product_cat","embeddable":true,"href":"https:\/\/saboramiel.difadi.net\/en\/wp-json\/wp\/v2\/product_cat?post=607"},{"taxonomy":"product_tag","embeddable":true,"href":"https:\/\/saboramiel.difadi.net\/en\/wp-json\/wp\/v2\/product_tag?post=607"}],"curies":[{"name":"wp","href":"https:\/\/api.w.org\/{rel}","templated":true}]}}